{"id":557,"date":"2019-11-10T07:31:53","date_gmt":"2019-11-10T07:31:53","guid":{"rendered":"https:\/\/krissler-infra.com\/home-2"},"modified":"2025-10-23T20:29:52","modified_gmt":"2025-10-23T20:29:52","slug":"home-2","status":"publish","type":"page","link":"https:\/\/krissler-infra.com\/fr\/","title":{"rendered":"Home"},"content":{"rendered":"\t\t<div data-elementor-type=\"wp-page\" data-elementor-id=\"557\" class=\"elementor elementor-557\" data-elementor-post-type=\"page\">\n\t\t\t\t\t\t<section class=\"elementor-section elementor-top-section elementor-element elementor-element-9010c99 elementor-section-content-middle elementor-section-boxed elementor-section-height-default elementor-section-height-default\" data-id=\"9010c99\" data-element_type=\"section\" data-e-type=\"section\">\n\t\t\t\t\t\t<div class=\"elementor-container elementor-column-gap-default\">\n\t\t\t\t\t<div class=\"elementor-column elementor-col-100 elementor-top-column elementor-element elementor-element-a8548b9\" data-id=\"a8548b9\" data-element_type=\"column\" data-e-type=\"column\">\n\t\t\t<div class=\"elementor-widget-wrap elementor-element-populated\">\n\t\t\t\t\t\t<div class=\"elementor-element elementor-element-1a5986d elementor--h-position-center elementor--v-position-middle elementor-arrows-position-inside elementor-pagination-position-inside elementor-widget elementor-widget-slides\" data-id=\"1a5986d\" data-element_type=\"widget\" data-e-type=\"widget\" data-settings=\"{&quot;navigation&quot;:&quot;both&quot;,&quot;autoplay&quot;:&quot;yes&quot;,&quot;pause_on_hover&quot;:&quot;yes&quot;,&quot;pause_on_interaction&quot;:&quot;yes&quot;,&quot;autoplay_speed&quot;:5000,&quot;infinite&quot;:&quot;yes&quot;,&quot;transition&quot;:&quot;slide&quot;,&quot;transition_speed&quot;:500}\" data-widget_type=\"slides.default\">\n\t\t\t\t<div class=\"elementor-widget-container\">\n\t\t\t\t\t\t\t\t\t<div class=\"elementor-swiper\">\n\t\t\t\t\t<div class=\"elementor-slides-wrapper elementor-main-swiper swiper\" role=\"region\" aria-roledescription=\"carousel\" aria-label=\"Slider\" dir=\"ltr\" data-animation=\"fadeInUp\">\n\t\t\t\t<div class=\"swiper-wrapper elementor-slides\">\n\t\t\t\t\t\t\t\t\t\t<div class=\"elementor-repeater-item-6691c15 swiper-slide\" role=\"group\" aria-roledescription=\"slide\"><div class=\"swiper-slide-bg\" role=\"img\" aria-label=\"arbeitsmittel_web\"><\/div><div class=\"elementor-background-overlay\"><\/div><div class=\"swiper-slide-inner\" ><div class=\"swiper-slide-contents\"><div class=\"elementor-slide-heading\">Sicher arbeiten<\/div><div class=\"elementor-slide-description\">Wir \u00fcberpr\u00fcfen Ihre Betriebsmittel.\nF\u00fcr Ihre Sicherheit, und die ihrer Besch\u00e4ftigten.<\/div><div  class=\"elementor-button elementor-slide-button elementor-size-sm\">mehr erfahren<\/div><\/div><\/div><\/div><div class=\"elementor-repeater-item-3e579ba swiper-slide\" role=\"group\" aria-roledescription=\"slide\"><div class=\"swiper-slide-bg\" role=\"img\" aria-label=\"IMG-20240322-WA0001(1)[1]\"><\/div><div class=\"elementor-background-overlay\"><\/div><div class=\"swiper-slide-inner\" ><div class=\"swiper-slide-contents\"><div class=\"elementor-slide-heading\">Betriebsmittelkennzeichnung<\/div><div class=\"elementor-slide-description\">F\u00fcr jedes Betriebsmittel die passende Kennzeichnung - nat\u00fcrlich ganz flexibel nach Ihren Vorgaben<\/div><div  class=\"elementor-button elementor-slide-button elementor-size-sm\">mehr erfahren<\/div><\/div><\/div><\/div><div class=\"elementor-repeater-item-de38d89 swiper-slide\" role=\"group\" aria-roledescription=\"slide\"><div class=\"swiper-slide-bg\" role=\"img\" aria-label=\"Arbeiten mit Absturzsicherung\"><\/div><div class=\"elementor-background-overlay\"><\/div><div class=\"swiper-slide-inner\" ><div class=\"swiper-slide-contents\"><div class=\"elementor-slide-heading\">Hoch hinaus<\/div><div class=\"elementor-slide-description\">und trotzdem sicher!\n\nWir \u00fcbnernehmen die Pr\u00fcfung pers\u00f6nlicher Schutzausr\u00fcstung gegen Absturz (PSAgA)<\/div><div  class=\"elementor-button elementor-slide-button elementor-size-sm\">mehr erfahren<\/div><\/div><\/div><\/div><div class=\"elementor-repeater-item-af049bd swiper-slide\" role=\"group\" aria-roledescription=\"slide\"><div class=\"swiper-slide-bg\" role=\"img\" aria-label=\"boots-6068160_1280\"><\/div><div class=\"elementor-background-overlay\"><\/div><div class=\"swiper-slide-inner\" ><div class=\"swiper-slide-contents\"><div class=\"elementor-slide-heading\">Einsatzkr\u00e4fteschulung<\/div><div class=\"elementor-slide-description\">Neue Technik und besondere Gefahren an der Einsatzstelle. Wir bereiten Sie vor.<\/div><div  class=\"elementor-button elementor-slide-button elementor-size-sm\">mehr erfahren<\/div><\/div><\/div><\/div><div class=\"elementor-repeater-item-a3be195 swiper-slide\" role=\"group\" aria-roledescription=\"slide\"><div class=\"swiper-slide-bg\" role=\"img\" aria-label=\"smoke-315874_1280\"><\/div><div class=\"elementor-background-overlay\"><\/div><div class=\"swiper-slide-inner\" ><div class=\"swiper-slide-contents\"><div class=\"elementor-slide-heading\">Wenn es brenzlig wird<\/div><div class=\"elementor-slide-description\">werden Sie und Ihre Mieter zuverl\u00e4ssig gewarnt.\n\nRauchwarnmelder sind in Baden-W\u00fcrttemberg pflicht! Wir beraten Sie gerne.<\/div><div  class=\"elementor-button elementor-slide-button elementor-size-sm\">mehr erfahren<\/div><\/div><\/div><\/div><div class=\"elementor-repeater-item-a42e717 swiper-slide\" role=\"group\" aria-roledescription=\"slide\"><div class=\"swiper-slide-bg\" role=\"img\" aria-label=\"E-Kfz beim Ladevorgang\"><\/div><div class=\"elementor-background-overlay\"><\/div><div class=\"swiper-slide-inner\" ><div class=\"swiper-slide-contents\"><div class=\"elementor-slide-heading\">Voll geladen<\/div><div class=\"elementor-slide-description\">Sie sind elektrisch unterwegs?\nWir beraten Sie gerne rund um das Thema Ladeinfrastruktur<\/div><div  class=\"elementor-button elementor-slide-button elementor-size-sm\">mehr erfahren<\/div><\/div><\/div><\/div>\t\t\t\t<\/div>\n\t\t\t\t\t\t\t\t\t\t\t\t\t\t\t<div class=\"elementor-swiper-button elementor-swiper-button-prev\" role=\"button\" tabindex=\"0\" aria-label=\"Vorheriger Slide\">\n\t\t\t\t\t\t\t<i aria-hidden=\"true\" class=\"eicon-chevron-left\"><\/i>\t\t\t\t\t\t<\/div>\n\t\t\t\t\t\t<div class=\"elementor-swiper-button elementor-swiper-button-next\" role=\"button\" tabindex=\"0\" aria-label=\"N\u00e4chster Slide\">\n\t\t\t\t\t\t\t<i aria-hidden=\"true\" class=\"eicon-chevron-right\"><\/i>\t\t\t\t\t\t<\/div>\n\t\t\t\t\t\t\t\t\t\t\t\t\t\t\t\t<div class=\"swiper-pagination\"><\/div>\n\t\t\t\t\t\t\t\t\t\t\t\t<\/div>\n\t\t\t\t<\/div>\n\t\t\t\t\t\t\t\t<\/div>\n\t\t\t\t<\/div>\n\t\t\t\t\t<\/div>\n\t\t<\/div>\n\t\t\t\t\t<\/div>\n\t\t<\/section>\n\t\t\t\t<\/div>\n\t\t<!-- sktbuilder starter --><script type=\"text\/javascript\" src=\"https:\/\/krissler-infra.com\/wp-content\/plugins\/skt-builder\/sktbuilder\/sktbuilder-frontend-starter.js\"><\/script><script type=\"text\/javascript\" src=\"https:\/\/krissler-infra.com\/wp-content\/plugins\/skt-builder\/sktbuilder-wordpress-driver.js\"><\/script><script type=\"text\/javascript\"> var starter = new SktbuilderStarter({\"mode\": \"prod\", \"skip\":[\"jquery\",\"underscore\",\"backbone\"],\"sktbuilderUrl\": \"https:\/\/krissler-infra.com\/wp-content\/plugins\/skt-builder\/sktbuilder\/\", \"driver\": new SktbuilderWordpressDriver({\"ajaxUrl\": \"https:\/\/krissler-infra.com\/wp-admin\/admin-ajax.php\", \"iframeUrl\": \"https:\/\/krissler-infra.com\/fr\/?sktbuilder=true\", \"pageId\": 557,  \"nonce\": \"91cf798acd\", \"pages\": [], \"page\": \"Home\" }) });<\/script><!-- end sktbuilder starter -->","protected":false},"excerpt":{"rendered":"<p>Sicher arbeitenWir \u00fcberpr\u00fcfen Ihre Betriebsmittel. F\u00fcr Ihre Sicherheit, und die ihrer Besch\u00e4ftigten.mehr erfahrenBetriebsmittelkennzeichnungF\u00fcr jedes Betriebsmittel die passende Kennzeichnung &#8211; nat\u00fcrlich ganz flexibel nach Ihren Vorgabenmehr [&hellip;]<\/p>\n","protected":false},"author":1,"featured_media":0,"parent":0,"menu_order":0,"comment_status":"closed","ping_status":"closed","template":"elementor_header_footer","meta":{"footnotes":""},"class_list":["post-557","page","type-page","status-publish","hentry"],"_links":{"self":[{"href":"https:\/\/krissler-infra.com\/fr\/wp-json\/wp\/v2\/pages\/557","targetHints":{"allow":["GET"]}}],"collection":[{"href":"https:\/\/krissler-infra.com\/fr\/wp-json\/wp\/v2\/pages"}],"about":[{"href":"https:\/\/krissler-infra.com\/fr\/wp-json\/wp\/v2\/types\/page"}],"author":[{"embeddable":true,"href":"https:\/\/krissler-infra.com\/fr\/wp-json\/wp\/v2\/users\/1"}],"replies":[{"embeddable":true,"href":"https:\/\/krissler-infra.com\/fr\/wp-json\/wp\/v2\/comments?post=557"}],"version-history":[{"count":13,"href":"https:\/\/krissler-infra.com\/fr\/wp-json\/wp\/v2\/pages\/557\/revisions"}],"predecessor-version":[{"id":684,"href":"https:\/\/krissler-infra.com\/fr\/wp-json\/wp\/v2\/pages\/557\/revisions\/684"}],"wp:attachment":[{"href":"https:\/\/krissler-infra.com\/fr\/wp-json\/wp\/v2\/media?parent=557"}],"curies":[{"name":"wp","href":"https:\/\/api.w.org\/{rel}","templated":true}]}}